{"id":13793,"date":"2024-10-11T15:30:03","date_gmt":"2024-10-11T13:30:03","guid":{"rendered":"https:\/\/scrollzone.eu\/hr\/?post_type=product&#038;p=13793"},"modified":"2024-10-14T11:18:39","modified_gmt":"2024-10-14T09:18:39","slug":"multifunkcionalna-alatka-za-rezanje-gipsanih-ploca","status":"publish","type":"product","link":"https:\/\/scrollzone.eu\/hr\/proizvod\/multifunkcionalna-alatka-za-rezanje-gipsanih-ploca\/","title":{"rendered":"Multifunkcionalna alatka za rezanje gipsanih plo\u010da"},"content":{"rendered":"","protected":false},"excerpt":{"rendered":"<p>Predstavljamo vam inovativni vi\u0161enamjenski reza\u010d koji slu\u017ei isklju\u010divo za precizno mjerenje i rezanje najrazli\u010ditijih vrsta materijala bilo da ste profesionalni majstor ili vam slu\u017ei u doma\u0107instvu.<\/p>\n","protected":false},"featured_media":13802,"comment_status":"closed","ping_status":"closed","template":"","meta":{"inline_featured_image":false},"product_brand":[],"product_cat":[15,27],"product_tag":[],"class_list":{"0":"post-13793","1":"product","2":"type-product","3":"status-publish","4":"has-post-thumbnail","6":"product_cat-uncategorized","7":"product_cat-home","9":"first","10":"instock","11":"sale","12":"taxable","13":"shipping-taxable","14":"purchasable","15":"product-type-simple"},"acf":[],"_links":{"self":[{"href":"https:\/\/scrollzone.eu\/hr\/wp-json\/wp\/v2\/product\/13793","targetHints":{"allow":["GET"]}}],"collection":[{"href":"https:\/\/scrollzone.eu\/hr\/wp-json\/wp\/v2\/product"}],"about":[{"href":"https:\/\/scrollzone.eu\/hr\/wp-json\/wp\/v2\/types\/product"}],"replies":[{"embeddable":true,"href":"https:\/\/scrollzone.eu\/hr\/wp-json\/wp\/v2\/comments?post=13793"}],"wp:featuredmedia":[{"embeddable":true,"href":"https:\/\/scrollzone.eu\/hr\/wp-json\/wp\/v2\/media\/13802"}],"wp:attachment":[{"href":"https:\/\/scrollzone.eu\/hr\/wp-json\/wp\/v2\/media?parent=13793"}],"wp:term":[{"taxonomy":"product_brand","embeddable":true,"href":"https:\/\/scrollzone.eu\/hr\/wp-json\/wp\/v2\/product_brand?post=13793"},{"taxonomy":"product_cat","embeddable":true,"href":"https:\/\/scrollzone.eu\/hr\/wp-json\/wp\/v2\/product_cat?post=13793"},{"taxonomy":"product_tag","embeddable":true,"href":"https:\/\/scrollzone.eu\/hr\/wp-json\/wp\/v2\/product_tag?post=13793"}],"curies":[{"name":"wp","href":"https:\/\/api.w.org\/{rel}","templated":true}]}}