{"id":13996,"date":"2024-11-07T13:53:16","date_gmt":"2024-11-07T12:53:16","guid":{"rendered":"https:\/\/scrollzone.eu\/hr\/?post_type=product&#038;p=13996"},"modified":"2024-11-07T13:58:10","modified_gmt":"2024-11-07T12:58:10","slug":"montessori-kutija-s-alatom","status":"publish","type":"product","link":"https:\/\/scrollzone.eu\/hr\/proizvod\/montessori-kutija-s-alatom\/","title":{"rendered":"Montessori kutija s alatom"},"content":{"rendered":"","protected":false},"excerpt":{"rendered":"<p>Novi na\u010din zabave i kvalitetno provedenog vremena. Ova Montessori kutija sa alatom je sve \u0161to vam je potrebno kako bi va\u0161u djecu obradovali i zabavili satima!<\/p>\n","protected":false},"featured_media":14001,"comment_status":"closed","ping_status":"closed","template":"","meta":{"inline_featured_image":false},"product_brand":[],"product_cat":[15,35],"product_tag":[],"class_list":{"0":"post-13996","1":"product","2":"type-product","3":"status-publish","4":"has-post-thumbnail","6":"product_cat-uncategorized","7":"product_cat-fun","9":"first","10":"instock","11":"sale","12":"taxable","13":"shipping-taxable","14":"purchasable","15":"product-type-simple"},"acf":[],"_links":{"self":[{"href":"https:\/\/scrollzone.eu\/hr\/wp-json\/wp\/v2\/product\/13996","targetHints":{"allow":["GET"]}}],"collection":[{"href":"https:\/\/scrollzone.eu\/hr\/wp-json\/wp\/v2\/product"}],"about":[{"href":"https:\/\/scrollzone.eu\/hr\/wp-json\/wp\/v2\/types\/product"}],"replies":[{"embeddable":true,"href":"https:\/\/scrollzone.eu\/hr\/wp-json\/wp\/v2\/comments?post=13996"}],"wp:featuredmedia":[{"embeddable":true,"href":"https:\/\/scrollzone.eu\/hr\/wp-json\/wp\/v2\/media\/14001"}],"wp:attachment":[{"href":"https:\/\/scrollzone.eu\/hr\/wp-json\/wp\/v2\/media?parent=13996"}],"wp:term":[{"taxonomy":"product_brand","embeddable":true,"href":"https:\/\/scrollzone.eu\/hr\/wp-json\/wp\/v2\/product_brand?post=13996"},{"taxonomy":"product_cat","embeddable":true,"href":"https:\/\/scrollzone.eu\/hr\/wp-json\/wp\/v2\/product_cat?post=13996"},{"taxonomy":"product_tag","embeddable":true,"href":"https:\/\/scrollzone.eu\/hr\/wp-json\/wp\/v2\/product_tag?post=13996"}],"curies":[{"name":"wp","href":"https:\/\/api.w.org\/{rel}","templated":true}]}}