{"id":15330,"date":"2025-02-27T15:56:23","date_gmt":"2025-02-27T14:56:23","guid":{"rendered":"https:\/\/scrollzone.eu\/hr\/?post_type=product&#038;p=15330"},"modified":"2025-02-27T16:59:49","modified_gmt":"2025-02-27T15:59:49","slug":"interaktivna-igracka-ptica-za-macke","status":"publish","type":"product","link":"https:\/\/scrollzone.eu\/hr\/proizvod\/interaktivna-igracka-ptica-za-macke\/","title":{"rendered":"Interaktivna igra\u010dka ptica za ma\u010dke"},"content":{"rendered":"","protected":false},"excerpt":{"rendered":"<p>Ova pli\u0161ana ptica pru\u017ea sate zabave va\u0161oj ma\u010dki zahvaljuju\u0107i svojim realisti\u010dnim zvukovima i pokretima. Njezino perje i mekani materijal \u010dine je savr\u0161enom za grickanje, hvatanje i igru. Poti\u010de prirodne instinkte ma\u010dke, poti\u010de aktivnost i mentalnu stimulaciju.<\/p>\n","protected":false},"featured_media":15332,"comment_status":"closed","ping_status":"closed","template":"","meta":{"inline_featured_image":false},"product_brand":[],"product_cat":[15,27],"product_tag":[],"class_list":{"0":"post-15330","1":"product","2":"type-product","3":"status-publish","4":"has-post-thumbnail","6":"product_cat-uncategorized","7":"product_cat-home","9":"first","10":"instock","11":"sale","12":"taxable","13":"shipping-taxable","14":"purchasable","15":"product-type-simple"},"acf":[],"_links":{"self":[{"href":"https:\/\/scrollzone.eu\/hr\/wp-json\/wp\/v2\/product\/15330","targetHints":{"allow":["GET"]}}],"collection":[{"href":"https:\/\/scrollzone.eu\/hr\/wp-json\/wp\/v2\/product"}],"about":[{"href":"https:\/\/scrollzone.eu\/hr\/wp-json\/wp\/v2\/types\/product"}],"replies":[{"embeddable":true,"href":"https:\/\/scrollzone.eu\/hr\/wp-json\/wp\/v2\/comments?post=15330"}],"wp:featuredmedia":[{"embeddable":true,"href":"https:\/\/scrollzone.eu\/hr\/wp-json\/wp\/v2\/media\/15332"}],"wp:attachment":[{"href":"https:\/\/scrollzone.eu\/hr\/wp-json\/wp\/v2\/media?parent=15330"}],"wp:term":[{"taxonomy":"product_brand","embeddable":true,"href":"https:\/\/scrollzone.eu\/hr\/wp-json\/wp\/v2\/product_brand?post=15330"},{"taxonomy":"product_cat","embeddable":true,"href":"https:\/\/scrollzone.eu\/hr\/wp-json\/wp\/v2\/product_cat?post=15330"},{"taxonomy":"product_tag","embeddable":true,"href":"https:\/\/scrollzone.eu\/hr\/wp-json\/wp\/v2\/product_tag?post=15330"}],"curies":[{"name":"wp","href":"https:\/\/api.w.org\/{rel}","templated":true}]}}